{"id":85,"date":"2014-09-10T07:42:28","date_gmt":"2014-09-10T05:42:28","guid":{"rendered":"http:\/\/www.islandpferdedomaene-marienburg.de\/?page_id=85"},"modified":"2025-01-11T12:08:15","modified_gmt":"2025-01-11T11:08:15","slug":"kontakt","status":"publish","type":"page","link":"https:\/\/www.islandpferdedomaene-marienburg.de\/?page_id=85","title":{"rendered":"Kontakt"},"content":{"rendered":"<div class=\"imgright\"><a href=\"http:\/\/www.islandpferdedomaene-marienburg.com\/s\/cc_images\/cache_5045098.jpg?t=1353850199\" rel=\"lightbox[3988551]\"> <img decoding=\"async\" id=\"image_3988551\" class=\"\" src=\"http:\/\/www.islandpferdedomaene-marienburg.com\/s\/cc_images\/cache_5045098.jpg?t=1353850199\" alt=\"\" \/> <\/a><\/div>\n<p style=\"text-align: center;\">Islandpferdedom\u00e4ne Marienburg<\/p>\n<p style=\"text-align: center;\">Kathrin Homeyer<br \/>\nDom\u00e4nenstra\u00dfe 63<br \/>\n31141 Hildesheim<br \/>\nTelefon: 05121 \/ 1772929<br \/>\nMobil:\u00a0 01512 \/ 3422848<\/p>\n<p style=\"text-align: center;\">Mail:<a href=\"mailto:info@islandpferdedomaene-marienburg.de\">info@islandpferdedomaene-marienburg.de<\/a><\/p>\n","protected":false},"excerpt":{"rendered":"<p>Islandpferdedom\u00e4ne Marienburg Kathrin Homeyer Dom\u00e4nenstra\u00dfe 63 31141 Hildesheim Telefon: 05121 \/ 1772929 Mobil:\u00a0 01512 \/ 3422848 Mail:info@islandpferdedomaene-marienburg.de<\/p>\n","protected":false},"author":1,"featured_media":0,"parent":0,"menu_order":0,"comment_status":"closed","ping_status":"closed","template":"","meta":{"footnotes":""},"_links":{"self":[{"href":"https:\/\/www.islandpferdedomaene-marienburg.de\/index.php?rest_route=\/wp\/v2\/pages\/85"}],"collection":[{"href":"https:\/\/www.islandpferdedomaene-marienburg.de\/index.php?rest_route=\/wp\/v2\/pages"}],"about":[{"href":"https:\/\/www.islandpferdedomaene-marienburg.de\/index.php?rest_route=\/wp\/v2\/types\/page"}],"author":[{"embeddable":true,"href":"https:\/\/www.islandpferdedomaene-marienburg.de\/index.php?rest_route=\/wp\/v2\/users\/1"}],"replies":[{"embeddable":true,"href":"https:\/\/www.islandpferdedomaene-marienburg.de\/index.php?rest_route=%2Fwp%2Fv2%2Fcomments&post=85"}],"version-history":[{"count":14,"href":"https:\/\/www.islandpferdedomaene-marienburg.de\/index.php?rest_route=\/wp\/v2\/pages\/85\/revisions"}],"predecessor-version":[{"id":481,"href":"https:\/\/www.islandpferdedomaene-marienburg.de\/index.php?rest_route=\/wp\/v2\/pages\/85\/revisions\/481"}],"wp:attachment":[{"href":"https:\/\/www.islandpferdedomaene-marienburg.de\/index.php?rest_route=%2Fwp%2Fv2%2Fmedia&parent=85"}],"curies":[{"name":"wp","href":"https:\/\/api.w.org\/{rel}","templated":true}]}}